{"id":51,"date":"2013-05-15T12:13:02","date_gmt":"2013-05-15T18:13:02","guid":{"rendered":"http:\/\/www.sc-integra.com.mx\/?page_id=51"},"modified":"2019-09-06T00:59:55","modified_gmt":"2019-09-06T00:59:55","slug":"privacidad","status":"publish","type":"page","link":"http:\/\/www.sc-integra.com.mx\/?page_id=51","title":{"rendered":"Aviso de Privacidad"},"content":{"rendered":"<p style=\"text-align: center;\" align=\"CENTER\">AVISO DE PRIVACIDAD<\/p>\n<p style=\"text-align: left;\" align=\"CENTER\">Sistemas de Computo Integra S de RL de CV (en lo sucesivo llamado \u201cINTEGRA\u201d) esta preocupa por la confidencialidad y seguridad de los datos personales de sus clientes y tiene el compromiso de proteger su privacidad y cumplir con la legislaci\u00f3n aplicable a la protecci\u00f3n de datos personales en posesi\u00f3n de los particulares. INTEGRA es el responsable de recabar sus datos personales y nuestro domicilio esta ubicado en Calzada de los Jinetes 7 Piso 2 Interior 29, Las Arboledas, Tlalnepanlta de Baz, Estado de M\u00e9xico CP 54026.<\/p>\n<p style=\"text-align: left;\" align=\"CENTER\">Los t\u00e9rminos que se utilicen en el presente aviso de privacidad, (en lo sucesivo referido como \u201cAviso\u201d) tendr\u00e1n la definici\u00f3n que a los mismos le asigna la Ley Federal de Protecci\u00f3n de Datos Personales en Posesi\u00f3n de Particulares, publicada en el Diario Oficial de la Federaci\u00f3n el 5 de julio de 2010 (en lo sucesivo referida como la \u201cLey\u201d), con excepci\u00f3n expresa de aquellos que aqu\u00ed se definen. Este Aviso especifica el tipo de datos que INTEGRA recolecta, los fines para los cuales lleva a cabo el tratamiento de los mismos, as\u00ed como los derechos con que cuenta el titular al respecto.<\/p>\n<p style=\"text-align: left;\" align=\"CENTER\">Los datos personales que puede recabar INTEGRA incluyen los siguientes: nombres, apellidos, domicilios, tel\u00e9fonos, correos electr\u00f3nicos, claves del Registro Federal de Contribuyentes, informaci\u00f3n de formas de pago; toda aquella informaci\u00f3n que el cliente le ha proporcionado y\/o le proporcione a lo largo de la relaci\u00f3n comercial que establezcan; por ministerio de ley, por mandamiento de autoridad competente o a trav\u00e9s de otras fuentes que est\u00e1n permitidas por la ley. Toda informaci\u00f3n personal que identifica al cliente, revelada de manera directa o por cualquier medio de contacto, podr\u00e1 ser recopilada y tratada por INTEGRA.<\/p>\n<p style=\"text-align: left;\" align=\"CENTER\">La recopilaci\u00f3n de datos que realiza INTEGRA es de buena fe y por tal motivo presume que los mismos son ver\u00eddicos, correctos, completos e identifican al titular que los suministra y\/o provee, por lo que es responsabilidad del titular que los datos que \u00e9ste le proporcione a INTEGRA cumplan con tales caracter\u00edsticas y se actualicen en la medida que se requiera. De igual forma, INTEGRA se reserva el derecho de ejercer las acciones que considere pertinentes en caso de falsedad de datos.<\/p>\n<p style=\"text-align: left;\" align=\"CENTER\">Los datos personales podr\u00e1n ser tratados y utilizados por INTEGRA y\/o terceros, nacionales y\/o extranjeros para llevar a cabo algunas o todas las actividades relacionadas con el cumplimiento de las obligaciones que deriven de la relaci\u00f3n comercial; con el prop\u00f3sito de informar a los clientes del lanzamiento o cambios en los productos, promociones y\/u ofertas de nosotros, realizar estudios sobre h\u00e1bitos de consumo y de mercado, as\u00ed como para cualquier otra actividad tendiente a promover, mantener, mejorar y evaluar los Productos y Servicios ofrecidos por INTEGRA.<\/p>\n<p style=\"text-align: left;\" align=\"CENTER\">INTEGRA podr\u00e1 transferir los datos personales que haya recibido y\/o recolectado y\/o llegue a recibir y\/o recolectar de sus clientes a sus terceros, ya sean nacionales y\/o extranjeros, y\/o cualquier autoridad competente que as\u00ed lo solicite para llevar a cabo las finalidades descritas en el p\u00e1rrafo que antecede. La transferencia de los datos personales del cliente se encuentra limitada a aquellos actos, hechos y\/o procedimientos que INTEGRA requiera implementar a efecto de estar en posibilidad de cumplir con sus obligaciones contractuales, regulatorias y\/o comerciales en la ejecuci\u00f3n de sus operaciones. Si el cliente no manifiesta su oposici\u00f3n para que sus datos personales sean transferidos, se entender\u00e1 que ha otorgado su consentimiento para ello.<\/p>\n<p style=\"text-align: left;\" align=\"CENTER\">INTEGRA cuenta con los recursos t\u00e9cnicos, materiales y humanos necesarios para asegurar que los datos personales del cliente ser\u00e1n tratados en estricto apego a la Ley. En cualquier momento, el Cliente tendr\u00e1 el derecho a solicitar a INTEGRA el ejercicio de los derechos que le confiere la Ley, mediante el env\u00edo de la solicitud correspondiente por escrito al siguiente correo electr\u00f3nico privacidad@sc-integra.com. Est\u00e1 claro que para que INTEGRA pueda dar seguimiento de forma correcta y oportuna cualquier solicitud del titular, esta deber\u00e1 contener como m\u00ednimo: Nombre completo del titular, descripci\u00f3n clara y detallada del objeto de la solicitud, y razones que motivan la solicitud. Nuestra respuesta a su solicitud ser\u00e1 enviada dentro del plazo permitido por la Ley al correo electr\u00f3nico del remitente de la misma.<\/p>\n<p style=\"text-align: left;\" align=\"CENTER\">INTEGRA expresamente se reserva el derecho, bajo su exclusiva discreci\u00f3n, de cambiar, modificar, agregar o eliminar partes del presente Aviso en cualquier momento. Para tal caso, INTEGRA \u00a0har\u00e1 p\u00fablicas las modificaciones que se realicen sobre el Aviso mediante: correo electr\u00f3nico, correo postal y\/o publicado en nuestro portal de internet. En la medida que el cliente no solicite, en los t\u00e9rminos antes mencionados, la cancelaci\u00f3n y\/u oposici\u00f3n de sus datos personales, implicar\u00e1 que ha aceptado y consentido tales cambios y\/o modificaciones.<\/p>\n","protected":false},"excerpt":{"rendered":"<p>AVISO DE PRIVACIDAD Sistemas de Computo Integra S de RL de CV (en lo sucesivo llamado \u201cINTEGRA\u201d) esta preocupa por la confidencialidad y seguridad de los datos personales de sus clientes y tiene el compromiso de proteger su privacidad y cumplir con la legislaci\u00f3n aplicable a la protecci\u00f3n de datos personales en posesi\u00f3n de los [&hellip;]<\/p>\n","protected":false},"author":1,"featured_media":0,"parent":81,"menu_order":0,"comment_status":"closed","ping_status":"closed","template":"","meta":{"footnotes":""},"class_list":["post-51","page","type-page","status-publish","hentry"],"_links":{"self":[{"href":"http:\/\/www.sc-integra.com.mx\/index.php?rest_route=\/wp\/v2\/pages\/51","targetHints":{"allow":["GET"]}}],"collection":[{"href":"http:\/\/www.sc-integra.com.mx\/index.php?rest_route=\/wp\/v2\/pages"}],"about":[{"href":"http:\/\/www.sc-integra.com.mx\/index.php?rest_route=\/wp\/v2\/types\/page"}],"author":[{"embeddable":true,"href":"http:\/\/www.sc-integra.com.mx\/index.php?rest_route=\/wp\/v2\/users\/1"}],"replies":[{"embeddable":true,"href":"http:\/\/www.sc-integra.com.mx\/index.php?rest_route=%2Fwp%2Fv2%2Fcomments&post=51"}],"version-history":[{"count":2,"href":"http:\/\/www.sc-integra.com.mx\/index.php?rest_route=\/wp\/v2\/pages\/51\/revisions"}],"predecessor-version":[{"id":126,"href":"http:\/\/www.sc-integra.com.mx\/index.php?rest_route=\/wp\/v2\/pages\/51\/revisions\/126"}],"up":[{"embeddable":true,"href":"http:\/\/www.sc-integra.com.mx\/index.php?rest_route=\/wp\/v2\/pages\/81"}],"wp:attachment":[{"href":"http:\/\/www.sc-integra.com.mx\/index.php?rest_route=%2Fwp%2Fv2%2Fmedia&parent=51"}],"curies":[{"name":"wp","href":"https:\/\/api.w.org\/{rel}","templated":true}]}}